{"id":1218,"date":"2025-05-14T21:18:29","date_gmt":"2025-05-14T19:18:29","guid":{"rendered":"https:\/\/www.gwbet.info\/gw\/?page_id=1218"},"modified":"2025-05-29T10:45:54","modified_gmt":"2025-05-29T08:45:54","slug":"impressum","status":"publish","type":"page","link":"https:\/\/www.gwbet.info\/gw\/impressum\/","title":{"rendered":"Impressum"},"content":{"rendered":"\t\t<div data-elementor-type=\"wp-page\" data-elementor-id=\"1218\" class=\"elementor elementor-1218\">\n\t\t\t\t\t\t<section class=\"elementor-section elementor-top-section elementor-element elementor-element-f7abe42 elementor-section-boxed elementor-section-height-default elementor-section-height-default\" data-id=\"f7abe42\" data-element_type=\"section\">\n\t\t\t\t\t\t<div class=\"elementor-container elementor-column-gap-default\">\n\t\t\t\t\t<div class=\"elementor-column elementor-col-100 elementor-top-column elementor-element elementor-element-54d10a7\" data-id=\"54d10a7\" data-element_type=\"column\">\n\t\t\t<div class=\"elementor-widget-wrap elementor-element-populated\">\n\t\t\t\t\t\t<div class=\"elementor-element elementor-element-7ca4659 elementor-widget elementor-widget-image\" data-id=\"7ca4659\" data-element_type=\"widget\" data-widget_type=\"image.default\">\n\t\t\t\t<div class=\"elementor-widget-container\">\n\t\t\t\t\t\t\t\t\t\t\t\t\t\t\t<img decoding=\"async\" src=\"https:\/\/www.gwbet.info\/gw\/wp-content\/uploads\/elementor\/thumbs\/impressum-1-r6ijgig8lx9cj6v1ij2we57ys23uxfnstcujpkx8tc.png\" title=\"impressum\" alt=\"impressum\" loading=\"lazy\" \/>\t\t\t\t\t\t\t\t\t\t\t\t\t\t\t<\/div>\n\t\t\t\t<\/div>\n\t\t\t\t\t<\/div>\n\t\t<\/div>\n\t\t\t\t\t<\/div>\n\t\t<\/section>\n\t\t\t\t<section class=\"elementor-section elementor-top-section elementor-element elementor-element-11dd6d2 elementor-section-boxed elementor-section-height-default elementor-section-height-default\" data-id=\"11dd6d2\" data-element_type=\"section\">\n\t\t\t\t\t\t<div class=\"elementor-container elementor-column-gap-default\">\n\t\t\t\t\t<div class=\"elementor-column elementor-col-100 elementor-top-column elementor-element elementor-element-7eb64ec\" data-id=\"7eb64ec\" data-element_type=\"column\">\n\t\t\t<div class=\"elementor-widget-wrap elementor-element-populated\">\n\t\t\t\t\t\t<div class=\"elementor-element elementor-element-325245a elementor-widget elementor-widget-html\" data-id=\"325245a\" data-element_type=\"widget\" data-widget_type=\"html.default\">\n\t\t\t\t<div class=\"elementor-widget-container\">\n\t\t\t\t\t\r\n<div style=\"color: #615f5f\">\r\n<p><strong>Gr\u00fcn-Weiss Sportwetten Styria GmbH<\/strong><br> \r\nAndritzer Reichsstrasse 56 <br>\r\n8045 Graz <br>\r\n\u00d6sterreich<\/p>\r\n\r\n<p>\r\nEmail: <a href=\"mailto:office@gwbet.com\">office@gwbet.com<\/a>\r\n<\/p>\r\n\r\n<p>\r\nTel.: +43 (0)316 69 69 33 (12:00 \u2013 20:00 GMT+1) <br>\r\nFax.: +43 (0)316 69 86 86 30 <br>\r\n<br>\r\nMobilewebsite: <a href=\"http:\/\/m.gwbet.com\" target=\"_blank\">m.gwbet.com<\/a>\r\n<\/p>\r\n<p> Firmenbuch: FN 168370d<\/p>\t\t\r\n\r\n\r\n<td>\r\n\r\n<hr>\r\n\r\n<table cellpadding=\"0\" cellspacing=\"0\" border=\"0\" style=\"width: 100%\">\r\n\r\n\r\n<tr>\r\n<br>\r\n<td>\r\n<p> Lizenz: GISA 19114248<br>\r\nVermittlung von Kunden zu Buchmachern\/Wettb\u00fcros, unter Ausschluss der Tippannahme gem\u00e4\u00df \u00a75 Abs. 2 GewO 1994<br>\r\nMagistrat der Stadt Graz<br>\r\nSchmiedgasse 26, 8011 Graz<br>\r\n\u00d6sterreich<\/p>\t\r\n\r\n<p> Lizenz: ABT03-1.0-176081\/2016-53<br>\r\nBuchmacherbewilligung<br>\r\nAmt der Steierm\u00e4rkischen Landesregierung<br>\r\nPaulustorgasse 4, 8010 Graz<br>\r\n\u00d6sterreich<\/p>\t\t\r\n\r\n<p>Verwendete Bilder copyright by 123rf.com<\/p>\r\n<\/td>\r\n\r\n\r\n<\/table>\r\n<\/p>F\u00fcr s\u00e4mtliche Rechtsstreitigkeiten aus oder im Zusammenhang mit Vertr\u00e4gen, Dienstleistungen oder Nutzungsverh\u00e4ltnissen die mit der Gr\u00fcn Weiss Sportwetten Styria GmbH abgeschlossen wurden, sowie f\u00fcr s\u00e4mtliche Streitigkeiten, die aus der Gesch\u00e4ftst\u00e4tigkeit der Gr\u00fcn Weiss Sportwetten Styria GmbH resultieren, ist, sofern nicht gesetzlich zwingend anders vorgeschrieben, ausschlie\u00dflich der Gerichtsstand Graz, \u00d6sterreich, zust\u00e4ndig. Es gilt ausschlie\u00dflich \u00f6sterreichisches Recht.<\/p>\r\n<\/div>\t\t\t\t<\/div>\n\t\t\t\t<\/div>\n\t\t\t\t\t<\/div>\n\t\t<\/div>\n\t\t\t\t\t<\/div>\n\t\t<\/section>\n\t\t\t\t<\/div>\n\t\t","protected":false},"excerpt":{"rendered":"<p>Gr\u00fcn-Weiss Sportwetten Styria GmbH Andritzer Reichsstrasse 56 8045 Graz \u00d6sterreich Email: office@gwbet.com Tel.: +43 (0)316 69 69 33 (12:00 \u2013 20:00 GMT+1) Fax.: +43 (0)316 69 86 86 30 Mobilewebsite: m.gwbet.com Firmenbuch: FN 168370d Lizenz: GISA 19114248 Vermittlung von Kunden zu Buchmachern\/Wettb\u00fcros, unter Ausschluss der Tippannahme gem\u00e4\u00df \u00a75 Abs. 2 GewO 1994 Magistrat der Stadt [&hellip;]<\/p>\n","protected":false},"author":2,"featured_media":0,"parent":0,"menu_order":0,"comment_status":"closed","ping_status":"closed","template":"","meta":{"ocean_post_layout":"full-width","ocean_both_sidebars_style":"","ocean_both_sidebars_content_width":0,"ocean_both_sidebars_sidebars_width":0,"ocean_sidebar":"0","ocean_second_sidebar":"0","ocean_disable_margins":"enable","ocean_add_body_class":"","ocean_shortcode_before_top_bar":"","ocean_shortcode_after_top_bar":"","ocean_shortcode_before_header":"","ocean_shortcode_after_header":"","ocean_has_shortcode":"","ocean_shortcode_after_title":"","ocean_shortcode_before_footer_widgets":"","ocean_shortcode_after_footer_widgets":"","ocean_shortcode_before_footer_bottom":"","ocean_shortcode_after_footer_bottom":"","ocean_display_top_bar":"default","ocean_display_header":"default","ocean_header_style":"","ocean_center_header_left_menu":"0","ocean_custom_header_template":"0","ocean_custom_logo":0,"ocean_custom_retina_logo":0,"ocean_custom_logo_max_width":0,"ocean_custom_logo_tablet_max_width":0,"ocean_custom_logo_mobile_max_width":0,"ocean_custom_logo_max_height":0,"ocean_custom_logo_tablet_max_height":0,"ocean_custom_logo_mobile_max_height":0,"ocean_header_custom_menu":"0","ocean_menu_typo_font_family":"0","ocean_menu_typo_font_subset":"","ocean_menu_typo_font_size":0,"ocean_menu_typo_font_size_tablet":0,"ocean_menu_typo_font_size_mobile":0,"ocean_menu_typo_font_size_unit":"px","ocean_menu_typo_font_weight":"","ocean_menu_typo_font_weight_tablet":"","ocean_menu_typo_font_weight_mobile":"","ocean_menu_typo_transform":"","ocean_menu_typo_transform_tablet":"","ocean_menu_typo_transform_mobile":"","ocean_menu_typo_line_height":0,"ocean_menu_typo_line_height_tablet":0,"ocean_menu_typo_line_height_mobile":0,"ocean_menu_typo_line_height_unit":"","ocean_menu_typo_spacing":0,"ocean_menu_typo_spacing_tablet":0,"ocean_menu_typo_spacing_mobile":0,"ocean_menu_typo_spacing_unit":"","ocean_menu_link_color":"","ocean_menu_link_color_hover":"","ocean_menu_link_color_active":"","ocean_menu_link_background":"","ocean_menu_link_hover_background":"","ocean_menu_link_active_background":"","ocean_menu_social_links_bg":"","ocean_menu_social_hover_links_bg":"","ocean_menu_social_links_color":"","ocean_menu_social_hover_links_color":"","ocean_disable_title":"on","ocean_disable_heading":"default","ocean_post_title":"","ocean_post_subheading":"","ocean_post_title_style":"","ocean_post_title_background_color":"","ocean_post_title_background":0,"ocean_post_title_bg_image_position":"","ocean_post_title_bg_image_attachment":"","ocean_post_title_bg_image_repeat":"","ocean_post_title_bg_image_size":"","ocean_post_title_height":0,"ocean_post_title_bg_overlay":0.5,"ocean_post_title_bg_overlay_color":"","ocean_disable_breadcrumbs":"default","ocean_breadcrumbs_color":"","ocean_breadcrumbs_separator_color":"","ocean_breadcrumbs_links_color":"","ocean_breadcrumbs_links_hover_color":"","ocean_display_footer_widgets":"default","ocean_display_footer_bottom":"default","ocean_custom_footer_template":"0","footnotes":""},"class_list":["post-1218","page","type-page","status-publish","hentry","entry"],"_links":{"self":[{"href":"https:\/\/www.gwbet.info\/gw\/wp-json\/wp\/v2\/pages\/1218","targetHints":{"allow":["GET"]}}],"collection":[{"href":"https:\/\/www.gwbet.info\/gw\/wp-json\/wp\/v2\/pages"}],"about":[{"href":"https:\/\/www.gwbet.info\/gw\/wp-json\/wp\/v2\/types\/page"}],"author":[{"embeddable":true,"href":"https:\/\/www.gwbet.info\/gw\/wp-json\/wp\/v2\/users\/2"}],"replies":[{"embeddable":true,"href":"https:\/\/www.gwbet.info\/gw\/wp-json\/wp\/v2\/comments?post=1218"}],"version-history":[{"count":8,"href":"https:\/\/www.gwbet.info\/gw\/wp-json\/wp\/v2\/pages\/1218\/revisions"}],"predecessor-version":[{"id":1662,"href":"https:\/\/www.gwbet.info\/gw\/wp-json\/wp\/v2\/pages\/1218\/revisions\/1662"}],"wp:attachment":[{"href":"https:\/\/www.gwbet.info\/gw\/wp-json\/wp\/v2\/media?parent=1218"}],"curies":[{"name":"wp","href":"https:\/\/api.w.org\/{rel}","templated":true}]}}