{"id":1559,"date":"2025-05-25T19:25:53","date_gmt":"2025-05-25T17:25:53","guid":{"rendered":"https:\/\/www.gwbet.info\/gw\/?page_id=1559"},"modified":"2025-05-29T18:57:45","modified_gmt":"2025-05-29T16:57:45","slug":"unternehmen","status":"publish","type":"page","link":"https:\/\/www.gwbet.info\/gw\/unternehmen\/","title":{"rendered":"Unternehmen(DE)"},"content":{"rendered":"\t\t<div data-elementor-type=\"wp-page\" data-elementor-id=\"1559\" class=\"elementor elementor-1559\">\n\t\t\t\t\t\t<section class=\"elementor-section elementor-top-section elementor-element elementor-element-6aab268 elementor-section-boxed elementor-section-height-default elementor-section-height-default\" data-id=\"6aab268\" data-element_type=\"section\">\n\t\t\t\t\t\t<div class=\"elementor-container elementor-column-gap-default\">\n\t\t\t\t\t<div class=\"elementor-column elementor-col-100 elementor-top-column elementor-element elementor-element-20978bd\" data-id=\"20978bd\" data-element_type=\"column\">\n\t\t\t<div class=\"elementor-widget-wrap elementor-element-populated\">\n\t\t\t\t\t\t<div class=\"elementor-element elementor-element-b0e57ea elementor-widget elementor-widget-image\" data-id=\"b0e57ea\" data-element_type=\"widget\" data-widget_type=\"image.default\">\n\t\t\t\t<div class=\"elementor-widget-container\">\n\t\t\t\t\t\t\t\t\t\t\t\t\t\t\t<img decoding=\"async\" src=\"https:\/\/www.gwbet.info\/gw\/wp-content\/uploads\/elementor\/thumbs\/ueberuns-r6j5buzfb12vkh70yd5sgykry7d9i8dmqd9ecjiiu8.png\" title=\"\u00fcberuns\" alt=\"\u00fcberuns\" loading=\"lazy\" \/>\t\t\t\t\t\t\t\t\t\t\t\t\t\t\t<\/div>\n\t\t\t\t<\/div>\n\t\t\t\t\t<\/div>\n\t\t<\/div>\n\t\t\t\t\t<\/div>\n\t\t<\/section>\n\t\t\t\t<section class=\"elementor-section elementor-top-section elementor-element elementor-element-15d582f elementor-section-boxed elementor-section-height-default elementor-section-height-default\" data-id=\"15d582f\" data-element_type=\"section\">\n\t\t\t\t\t\t<div class=\"elementor-container elementor-column-gap-default\">\n\t\t\t\t\t<div class=\"elementor-column elementor-col-100 elementor-top-column elementor-element elementor-element-1181b1b\" data-id=\"1181b1b\" data-element_type=\"column\">\n\t\t\t<div class=\"elementor-widget-wrap elementor-element-populated\">\n\t\t\t\t\t\t<div class=\"elementor-element elementor-element-f33da9b elementor-widget elementor-widget-html\" data-id=\"f33da9b\" data-element_type=\"widget\" data-widget_type=\"html.default\">\n\t\t\t\t<div class=\"elementor-widget-container\">\n\t\t\t\t\t<div style=\"color: #000000; font-size: 18px; line-height: 1.8; max-width: 900px; margin: 0 auto;\">\r\n  <h2 style=\"text-align: center;\">Das Unternehmen<\/h2>\r\n\r\n  <p>\r\n    <strong>Gr\u00fcn-Weiss Sportwetten Styria GmbH<\/strong>, mit Sitz in der Steiermark, ist ein international t\u00e4tiges Unternehmen in den Bereichen Buchmacher, Totalisateure und Wettkommiss\u00e4re. Das Unternehmen wurde bereits 1998 gegr\u00fcndet und hat sich als professioneller Sportwettanbieter etabliert.\r\n  <\/p>\r\n\r\n  <p>\r\n    Mit mehr als 25 Jahren Branchen-Erfahrung und einem hochqualifizierten Buchmacher-Team bieten wir unseren Kunden jene Zuverl\u00e4ssigkeit und Sicherheit, die in der Sportwetten-Branche notwendig ist.\r\n  <\/p>\r\n\r\n  <p>\r\n    Wir sind Mitglied im \u00f6sterreichischen Sportwettenverband.\r\n  <\/p>\r\n\r\n  <p>\r\n    <strong>GWbet.com<\/strong> bietet ein unschlagbares Sportwettangebot sowie ein Wettsystem, das durch eine einfache Usability und ausgezeichneten Service besticht.\r\n  <\/p>\r\n\r\n  <p>\r\n    Mit diesem Online-Wettsystem bieten wir unseren Kunden die M\u00f6glichkeit, nicht nur von zu Hause aus, sondern auch unterwegs \u00fcbers Smartphone Wetten zu platzieren.\r\n  <\/p>\r\n\r\n  <p>\r\n    Unser Unternehmen erf\u00fcllt nat\u00fcrlich alle strengen Auflagen, welche der Gesetzgeber (seit 1919) f\u00fcr unsere Branche vorschreibt, und besitzt alle notwendigen Bewilligungen und Lizenzen. <strong>GWbet.com<\/strong> garantiert seinen Kunden, dass Privatdaten streng vertraulich behandelt und nur f\u00fcr interne \u2013 verpflichtend zu f\u00fchrende \u2013 Aufzeichnungen gef\u00fchrt werden.\r\n  <\/p>\r\n\r\n  <p style=\"text-align: center; margin-top: 30px;\">\r\n    <strong>Haben Sie Lust, Ihre Sportkenntnisse zu \u00fcberpr\u00fcfen?<\/strong><br><br>\r\n    Wir w\u00fcnschen allen Kunden viel Spa\u00df und Erfolg beim Wetten!\r\n  <\/p>\r\n<\/div>\r\n\t\t\t\t<\/div>\n\t\t\t\t<\/div>\n\t\t\t\t\t<\/div>\n\t\t<\/div>\n\t\t\t\t\t<\/div>\n\t\t<\/section>\n\t\t\t\t<\/div>\n\t\t","protected":false},"excerpt":{"rendered":"<p>Das Unternehmen Gr\u00fcn-Weiss Sportwetten Styria GmbH, mit Sitz in der Steiermark, ist ein international t\u00e4tiges Unternehmen in den Bereichen Buchmacher, Totalisateure und Wettkommiss\u00e4re. Das Unternehmen wurde bereits 1998 gegr\u00fcndet und hat sich als professioneller Sportwettanbieter etabliert. Mit mehr als 25 Jahren Branchen-Erfahrung und einem hochqualifizierten Buchmacher-Team bieten wir unseren Kunden jene Zuverl\u00e4ssigkeit und Sicherheit, die [&hellip;]<\/p>\n","protected":false},"author":2,"featured_media":0,"parent":0,"menu_order":0,"comment_status":"closed","ping_status":"closed","template":"elementor_header_footer","meta":{"ocean_post_layout":"","ocean_both_sidebars_style":"","ocean_both_sidebars_content_width":0,"ocean_both_sidebars_sidebars_width":0,"ocean_sidebar":"","ocean_second_sidebar":"","ocean_disable_margins":"enable","ocean_add_body_class":"","ocean_shortcode_before_top_bar":"","ocean_shortcode_after_top_bar":"","ocean_shortcode_before_header":"","ocean_shortcode_after_header":"","ocean_has_shortcode":"","ocean_shortcode_after_title":"","ocean_shortcode_before_footer_widgets":"","ocean_shortcode_after_footer_widgets":"","ocean_shortcode_before_footer_bottom":"","ocean_shortcode_after_footer_bottom":"","ocean_display_top_bar":"default","ocean_display_header":"default","ocean_header_style":"","ocean_center_header_left_menu":"","ocean_custom_header_template":"","ocean_custom_logo":0,"ocean_custom_retina_logo":0,"ocean_custom_logo_max_width":0,"ocean_custom_logo_tablet_max_width":0,"ocean_custom_logo_mobile_max_width":0,"ocean_custom_logo_max_height":0,"ocean_custom_logo_tablet_max_height":0,"ocean_custom_logo_mobile_max_height":0,"ocean_header_custom_menu":"","ocean_menu_typo_font_family":"","ocean_menu_typo_font_subset":"","ocean_menu_typo_font_size":0,"ocean_menu_typo_font_size_tablet":0,"ocean_menu_typo_font_size_mobile":0,"ocean_menu_typo_font_size_unit":"px","ocean_menu_typo_font_weight":"","ocean_menu_typo_font_weight_tablet":"","ocean_menu_typo_font_weight_mobile":"","ocean_menu_typo_transform":"","ocean_menu_typo_transform_tablet":"","ocean_menu_typo_transform_mobile":"","ocean_menu_typo_line_height":0,"ocean_menu_typo_line_height_tablet":0,"ocean_menu_typo_line_height_mobile":0,"ocean_menu_typo_line_height_unit":"","ocean_menu_typo_spacing":0,"ocean_menu_typo_spacing_tablet":0,"ocean_menu_typo_spacing_mobile":0,"ocean_menu_typo_spacing_unit":"","ocean_menu_link_color":"","ocean_menu_link_color_hover":"","ocean_menu_link_color_active":"","ocean_menu_link_background":"","ocean_menu_link_hover_background":"","ocean_menu_link_active_background":"","ocean_menu_social_links_bg":"","ocean_menu_social_hover_links_bg":"","ocean_menu_social_links_color":"","ocean_menu_social_hover_links_color":"","ocean_disable_title":"on","ocean_disable_heading":"default","ocean_post_title":"","ocean_post_subheading":"","ocean_post_title_style":"","ocean_post_title_background_color":"","ocean_post_title_background":0,"ocean_post_title_bg_image_position":"","ocean_post_title_bg_image_attachment":"","ocean_post_title_bg_image_repeat":"","ocean_post_title_bg_image_size":"","ocean_post_title_height":0,"ocean_post_title_bg_overlay":0.5,"ocean_post_title_bg_overlay_color":"","ocean_disable_breadcrumbs":"default","ocean_breadcrumbs_color":"","ocean_breadcrumbs_separator_color":"","ocean_breadcrumbs_links_color":"","ocean_breadcrumbs_links_hover_color":"","ocean_display_footer_widgets":"default","ocean_display_footer_bottom":"default","ocean_custom_footer_template":"","footnotes":""},"class_list":["post-1559","page","type-page","status-publish","hentry","entry"],"_links":{"self":[{"href":"https:\/\/www.gwbet.info\/gw\/wp-json\/wp\/v2\/pages\/1559","targetHints":{"allow":["GET"]}}],"collection":[{"href":"https:\/\/www.gwbet.info\/gw\/wp-json\/wp\/v2\/pages"}],"about":[{"href":"https:\/\/www.gwbet.info\/gw\/wp-json\/wp\/v2\/types\/page"}],"author":[{"embeddable":true,"href":"https:\/\/www.gwbet.info\/gw\/wp-json\/wp\/v2\/users\/2"}],"replies":[{"embeddable":true,"href":"https:\/\/www.gwbet.info\/gw\/wp-json\/wp\/v2\/comments?post=1559"}],"version-history":[{"count":25,"href":"https:\/\/www.gwbet.info\/gw\/wp-json\/wp\/v2\/pages\/1559\/revisions"}],"predecessor-version":[{"id":1764,"href":"https:\/\/www.gwbet.info\/gw\/wp-json\/wp\/v2\/pages\/1559\/revisions\/1764"}],"wp:attachment":[{"href":"https:\/\/www.gwbet.info\/gw\/wp-json\/wp\/v2\/media?parent=1559"}],"curies":[{"name":"wp","href":"https:\/\/api.w.org\/{rel}","templated":true}]}}